{"id":178,"date":"2023-09-27T18:54:20","date_gmt":"2023-09-27T18:54:20","guid":{"rendered":"http:\/\/www.tiyatrococuk.com.tr\/?page_id=178"},"modified":"2026-04-13T18:11:35","modified_gmt":"2026-04-13T18:11:35","slug":"iletisim","status":"publish","type":"page","link":"https:\/\/www.tiyatrococuk.com.tr\/index.php\/iletisim\/","title":{"rendered":"\u0130LET\u0130\u015e\u0130M"},"content":{"rendered":"\n<p>Adres : Cafera\u011fa Mah. Miralay Naz\u0131m Sok. No:30 D:3  Kad\u0131k\u00f6y \/ \u0130STANBUL<\/p>\n\n\n\n<p>Tel : 0212 422 20 62 <\/p>\n\n\n\n<p>Whatsapp : 0544 886 76 56<\/p>\n\n\n\n<p>Mail : <a href=\"mailto:info@tiyatrococuk.com.tr\">info@tiyatrococuk.com.tr<\/a><\/p>\n\n\n\n<figure class=\"wp-block-image size-full is-style-rounded\"><img loading=\"lazy\" decoding=\"async\" width=\"275\" height=\"183\" src=\"http:\/\/www.tiyatrococuk.com.tr\/wp-content\/uploads\/2023\/09\/qq.jpg\" alt=\"\" class=\"wp-image-201\" srcset=\"https:\/\/www.tiyatrococuk.com.tr\/wp-content\/uploads\/2023\/09\/qq.jpg 275w, https:\/\/www.tiyatrococuk.com.tr\/wp-content\/uploads\/2023\/09\/qq-90x60.jpg 90w, https:\/\/www.tiyatrococuk.com.tr\/wp-content\/uploads\/2023\/09\/qq-24x16.jpg 24w, https:\/\/www.tiyatrococuk.com.tr\/wp-content\/uploads\/2023\/09\/qq-36x24.jpg 36w, https:\/\/www.tiyatrococuk.com.tr\/wp-content\/uploads\/2023\/09\/qq-48x32.jpg 48w\" sizes=\"auto, (max-width: 275px) 100vw, 275px\" \/><\/figure>\n","protected":false},"excerpt":{"rendered":"<p>Adres : Cafera\u011fa Mah. Miralay Naz\u0131m Sok. No:30 D:3 Kad\u0131k\u00f6y \/ \u0130STANBUL Tel : 0212 422 20 62 Whatsapp : 0544 886 76 56 Mail &hellip; <\/p>\n","protected":false},"author":1,"featured_media":197,"parent":0,"menu_order":0,"comment_status":"closed","ping_status":"closed","template":"","meta":{"footnotes":""},"class_list":["post-178","page","type-page","status-publish","has-post-thumbnail","hentry"],"_links":{"self":[{"href":"https:\/\/www.tiyatrococuk.com.tr\/index.php\/wp-json\/wp\/v2\/pages\/178","targetHints":{"allow":["GET"]}}],"collection":[{"href":"https:\/\/www.tiyatrococuk.com.tr\/index.php\/wp-json\/wp\/v2\/pages"}],"about":[{"href":"https:\/\/www.tiyatrococuk.com.tr\/index.php\/wp-json\/wp\/v2\/types\/page"}],"author":[{"embeddable":true,"href":"https:\/\/www.tiyatrococuk.com.tr\/index.php\/wp-json\/wp\/v2\/users\/1"}],"replies":[{"embeddable":true,"href":"https:\/\/www.tiyatrococuk.com.tr\/index.php\/wp-json\/wp\/v2\/comments?post=178"}],"version-history":[{"count":10,"href":"https:\/\/www.tiyatrococuk.com.tr\/index.php\/wp-json\/wp\/v2\/pages\/178\/revisions"}],"predecessor-version":[{"id":672,"href":"https:\/\/www.tiyatrococuk.com.tr\/index.php\/wp-json\/wp\/v2\/pages\/178\/revisions\/672"}],"wp:featuredmedia":[{"embeddable":true,"href":"https:\/\/www.tiyatrococuk.com.tr\/index.php\/wp-json\/wp\/v2\/media\/197"}],"wp:attachment":[{"href":"https:\/\/www.tiyatrococuk.com.tr\/index.php\/wp-json\/wp\/v2\/media?parent=178"}],"curies":[{"name":"wp","href":"https:\/\/api.w.org\/{rel}","templated":true}]}}